{"id":667,"date":"2016-07-25T16:25:43","date_gmt":"2016-07-25T14:25:43","guid":{"rendered":"https:\/\/captair-dimavent.fr\/en\/?page_id=667"},"modified":"2017-08-15T14:53:09","modified_gmt":"2017-08-15T12:53:09","slug":"quote_en","status":"publish","type":"page","link":"https:\/\/captair-dimavent.fr\/en\/quote_en\/","title":{"rendered":"Quote_EN"},"content":{"rendered":"<div class=\"container\" style=\"margin-top:150px;\">\n<div class=\"panel-grid-cell\" id=\"pgc-2-14-0\">\n<div class=\"well well-sm panel-builder widget-builder widget_mla-text-widget panel-last-child\" id=\"panel-2-14-0-3\">\n<div id=\"zone9-devis-formulaire\">\t<div id=\"ninja_forms_form_10_cont\" class=\"ninja-forms-cont\">\n\t\t<div id=\"ninja_forms_form_10_wrap\" class=\"ninja-forms-form-wrap\">\n\t<div id=\"ninja_forms_form_10_response_msg\" style=\"\" class=\"ninja-forms-response-msg \"><\/div>\t<form id=\"ninja_forms_form_10\" enctype=\"multipart\/form-data\" method=\"post\" name=\"\" action=\"https:\/\/captair-dimavent.fr\/wp-admin\/admin-ajax.php?action=ninja_forms_ajax_submit\" class=\"ninja-forms-form\">\n\n\t<input type=\"hidden\" id=\"_wpnonce\" name=\"_wpnonce\" value=\"c6007529ee\" \/><input type=\"hidden\" name=\"_wp_http_referer\" value=\"\/en\/wp-json\/wp\/v2\/pages\/667\/\" \/>\t<input type=\"hidden\" name=\"_ninja_forms_display_submit\" value=\"1\">\n\t<input type=\"hidden\" name=\"_form_id\"  id=\"_form_id\" value=\"10\">\n\t\t<div class=\"hp-wrap\">\n\t\t<label>Si vous \u00eates un \u00eatre humain et que vous voyez ce champ, merci de le laisser vide.\t\t\t<input type=\"text\" value=\"\" name=\"_61T6e\">\n\t\t\t<input type=\"hidden\" value=\"_61T6e\" name=\"_hp_name\">\n\t\t<\/label>\n\t<\/div>\n\t\t<div id=\"ninja_forms_form_10_all_fields_wrap\" class=\"ninja-forms-all-fields-wrap\">\n\t\t\t<div class=\"ninja-forms-required-items\">Fields marked with an <span class=\"ninja-forms-req-symbol\">*<\/span> are required<\/div>\n\t\t\t<div class=\"ninja-forms-field  nf-desc\" id=\"ninja_forms_field_31_div_wrap\" style=\"\" rel=\"31\"><p class=\"devis-form-question\"><span class=\"span1\">1.<\/span> Your project consists of such products: <span class=\"span2\">(Tick the option(s) you need)<\/span><\/p>\n<\/div>\n\t\t\t\t\t\t\t<div class=\"field-wrap checkbox-wrap label-below devis-form-checkbox-5-wrap\"  id=\"ninja_forms_field_32_div_wrap\" data-visible=\"1\">\n\t\t\t\t\t\t\t<input type=\"hidden\" id=\"ninja_forms_field_32_type\" value=\"checkbox\">\n<input id=\"\" name=\"ninja_forms_field_32\" type=\"hidden\" value=\"unchecked\" \/><input id=\"ninja_forms_field_32\" name=\"ninja_forms_field_32\" type=\"checkbox\" class=\"ninja-forms-field  devis-form-checkbox-5\" value=\"checked\"  rel=\"32\"\/>\t\t<label for=\"ninja_forms_field_32\" id=\"ninja_forms_field_32_label\" class=\"\">Captation \t\t\t\t<\/label>\n\t\t<div class=\"ninja-forms-field-description\"><p><span id=\"result_box\" class=\"short_text\" lang=\"en\"><span class=\"hps\">Hoods,<\/span> <span class=\"hps\">booths<\/span><span class=\"\">, tables,<\/span> <span class=\"hps\">arms...<\/span><\/span><\/p>\n<\/div>\t<div id=\"ninja_forms_field_32_error\" style=\"display:none;\" class=\"ninja-forms-field-error\">\n\t\t<\/div>\n\t\t\t\t\t\t\t<\/div>\n\t\t\t\t\t\t\t\t\t\t\t\t<div class=\"field-wrap checkbox-wrap label-below devis-form-checkbox-6-wrap\"  id=\"ninja_forms_field_33_div_wrap\" data-visible=\"1\">\n\t\t\t\t\t\t\t<input type=\"hidden\" id=\"ninja_forms_field_33_type\" value=\"checkbox\">\n<input id=\"\" name=\"ninja_forms_field_33\" type=\"hidden\" value=\"unchecked\" \/><input id=\"ninja_forms_field_33\" name=\"ninja_forms_field_33\" type=\"checkbox\" class=\"ninja-forms-field  devis-form-checkbox-6\" value=\"checked\"  rel=\"33\"\/>\t\t<label for=\"ninja_forms_field_33\" id=\"ninja_forms_field_33_label\" class=\"\">Sanitation \t\t\t\t<\/label>\n\t\t<div class=\"ninja-forms-field-description\"><p><span id=\"result_box\" class=\"short_text\" lang=\"en\"><span class=\"hps\">Dust collectors<\/span><span class=\"\">, vacuum cleaners<\/span><span class=\"\">, fans<\/span><span class=\"hps\">...<\/span><\/span><\/p>\n<\/div>\t<div id=\"ninja_forms_field_33_error\" style=\"display:none;\" class=\"ninja-forms-field-error\">\n\t\t<\/div>\n\t\t\t\t\t\t\t<\/div>\n\t\t\t\t\t\t\t\t\t\t\t\t<div class=\"field-wrap checkbox-wrap label-below devis-form-checkbox-7-wrap\"  id=\"ninja_forms_field_34_div_wrap\" data-visible=\"1\">\n\t\t\t\t\t\t\t<input type=\"hidden\" id=\"ninja_forms_field_34_type\" value=\"checkbox\">\n<input id=\"\" name=\"ninja_forms_field_34\" type=\"hidden\" value=\"unchecked\" \/><input id=\"ninja_forms_field_34\" name=\"ninja_forms_field_34\" type=\"checkbox\" class=\"ninja-forms-field  devis-form-checkbox-7\" value=\"checked\"  rel=\"34\"\/>\t\t<label for=\"ninja_forms_field_34\" id=\"ninja_forms_field_34_label\" class=\"\">Pouyes Rings \t\t\t\t<\/label>\n\t\t<div class=\"ninja-forms-field-description\"><p><span id=\"result_box\" class=\"short_text\" lang=\"en\"><span class=\"hps\">Pouyes type aspirant's rings<\/span><\/span><\/p>\n<\/div>\t<div id=\"ninja_forms_field_34_error\" style=\"display:none;\" class=\"ninja-forms-field-error\">\n\t\t<\/div>\n\t\t\t\t\t\t\t<\/div>\n\t\t\t\t\t\t\t\t\t\t\t\t<div class=\"field-wrap checkbox-wrap label-below devis-form-checkbox-8-wrap\"  id=\"ninja_forms_field_35_div_wrap\" data-visible=\"1\">\n\t\t\t\t\t\t\t<input type=\"hidden\" id=\"ninja_forms_field_35_type\" value=\"checkbox\">\n<input id=\"\" name=\"ninja_forms_field_35\" type=\"hidden\" value=\"unchecked\" \/><input id=\"ninja_forms_field_35\" name=\"ninja_forms_field_35\" type=\"checkbox\" class=\"ninja-forms-field  devis-form-checkbox-8\" value=\"checked\"  rel=\"35\"\/>\t\t<label for=\"ninja_forms_field_35\" id=\"ninja_forms_field_35_label\" class=\"\">Another \t\t\t\t<\/label>\n\t\t\t<div id=\"ninja_forms_field_35_error\" style=\"display:none;\" class=\"ninja-forms-field-error\">\n\t\t<\/div>\n\t\t\t\t\t\t\t<\/div>\n\t\t\t\t\t\t\t\t\t\t\t\t<div class=\"field-wrap text-wrap label-inside devis-form-boite-texte-1-wrap\"  id=\"ninja_forms_field_36_div_wrap\" data-visible=\"1\">\n\t\t\t\t\t\t\t<input type=\"hidden\" id=\"ninja_forms_field_36_type\" value=\"text\">\n\t<input id=\"ninja_forms_field_36\" data-mask=\"\" data-input-limit=\"\" data-input-limit-type=\"char\" data-input-limit-msg=\"character(s) left\" name=\"ninja_forms_field_36\" type=\"text\" placeholder=\"\" class=\"ninja-forms-field  devis-form-boite-texte-1 \" value=\"If another, specify here:\" rel=\"36\"   \/>\n\t\t\t<input type=\"hidden\" id=\"ninja_forms_field_36_label_hidden\" value=\"If another, specify here:\">\n\t\t\t<div id=\"ninja_forms_field_36_error\" style=\"display:none;\" class=\"ninja-forms-field-error\">\n\t\t<\/div>\n\t\t\t\t\t\t\t<\/div>\n\t\t\t\t\t\t\t<div class=\"ninja-forms-field  nf-desc\" id=\"ninja_forms_field_37_div_wrap\" style=\"\" rel=\"37\"><p class=\"devis-form-question\"><span class=\"span1\">2.<\/span> Detail your project: <span class=\"span2\">(Describe your needs by providing below the additional information you deem necessary)<\/span><\/p>\n<\/div>\n\t\t\t\t\t\t\t<div class=\"field-wrap textarea-wrap label-inside devis-form-zone-texte-1-wrap\"  id=\"ninja_forms_field_38_div_wrap\" data-visible=\"1\">\n\t\t\t\t\t\t\t<input type=\"hidden\" id=\"ninja_forms_field_38_type\" value=\"textarea\">\n\t\t<textarea name=\"ninja_forms_field_38\" id=\"ninja_forms_field_38\" class=\"ninja-forms-field  devis-form-zone-texte-1\" rel=\"38\" data-input-limit=\"\" data-input-limit-type=\"char\" data-input-limit-msg=\"character(s) left\">Write here the details of your request:<\/textarea>\n\t\t\t\t<input type=\"hidden\" id=\"ninja_forms_field_38_label_hidden\" value=\"Write here the details of your request:\">\n\t\t\t<div id=\"ninja_forms_field_38_error\" style=\"display:none;\" class=\"ninja-forms-field-error\">\n\t\t<\/div>\n\t\t\t\t\t\t\t<\/div>\n\t\t\t\t\t\t\t<div class=\"ninja-forms-field  nf-desc\" id=\"ninja_forms_field_39_div_wrap\" style=\"\" rel=\"39\"><p class=\"devis-form-question\"><span class=\"span1\">3.<\/span> To complete your <span class=\"span1\">quote request<\/span> thank you to enter your contact information: <span class=\"span2\">(Fields with a <span style=\"color: #d45f09;\">*<\/span> are required.)<\/span><\/p>\n<\/div>\n\t\t\t\t\t\t\t<div class=\"field-wrap list-radio-wrap label-left devis-form-civilite-1-wrap\"  id=\"ninja_forms_field_40_div_wrap\" data-visible=\"1\">\n\t\t\t\t\t\t\t<input type=\"hidden\" id=\"ninja_forms_field_40_type\" value=\"list\">\n\t\t<input type=\"hidden\" id=\"ninja_forms_field_40_list_type\" value=\"radio\">\n\t\t\t\t<label for=\"ninja_forms_field_40\" id=\"ninja_forms_field_40_label\" class=\"\">Civility <span class='ninja-forms-req-symbol'><strong>*<\/strong><\/span>\t\t\t\t<\/label>\n\t\t<input type=\"hidden\" name=\"ninja_forms_field_40\" value=\"\"><span id=\"ninja_forms_field_40_options_span\" class=\"\" rel=\"40\"><ul><li><label id=\"ninja_forms_field_40_0_label\" class=\"ninja-forms-field-40-options\" style=\"\" for=\"ninja_forms_field_40_0\"><input id=\"ninja_forms_field_40_0\" name=\"ninja_forms_field_40\" type=\"radio\" class=\"ninja-forms-field  ninja-forms-req devis-form-civilite-1\" value=\"Mr.\"  rel=\"40\" \/>Mr.<\/label><\/li><li><label id=\"ninja_forms_field_40_1_label\" class=\"ninja-forms-field-40-options\" style=\"\" for=\"ninja_forms_field_40_1\"><input id=\"ninja_forms_field_40_1\" name=\"ninja_forms_field_40\" type=\"radio\" class=\"ninja-forms-field  ninja-forms-req devis-form-civilite-1\" value=\"Mrs.\"  rel=\"40\" \/>Mrs.<\/label><\/li><\/ul><\/span><li style=\"display:none;\" id=\"ninja_forms_field_40_template\"><label><input id=\"ninja_forms_field_40_\" name=\"\" type=\"radio\" class=\"ninja-forms-field  ninja-forms-req devis-form-civilite-1\" value=\"\" rel=\"40\" \/><\/label><\/li>\n\t\t\t\t<div id=\"ninja_forms_field_40_error\" style=\"display:none;\" class=\"ninja-forms-field-error\">\n\t\t<\/div>\n\t\t\t\t\t\t\t<\/div>\n\t\t\t\t\t\t\t\t\t\t\t\t<div class=\"field-wrap text-wrap label-left devis-form-nom-1-wrap\"  id=\"ninja_forms_field_41_div_wrap\" data-visible=\"1\">\n\t\t\t\t\t\t\t<input type=\"hidden\" id=\"ninja_forms_field_41_type\" value=\"text\">\n\t\t<label for=\"ninja_forms_field_41\" id=\"ninja_forms_field_41_label\" class=\"\">Name: <span class='ninja-forms-req-symbol'><strong>*<\/strong><\/span>\t\t\t\t<\/label>\n\t\t\t<input id=\"ninja_forms_field_41\" data-mask=\"\" data-input-limit=\"\" data-input-limit-type=\"char\" data-input-limit-msg=\"\" name=\"ninja_forms_field_41\" type=\"text\" placeholder=\"\" class=\"ninja-forms-field  ninja-forms-req devis-form-nom-1 \" value=\"\" rel=\"41\"   \/>\n\t\t<div id=\"ninja_forms_field_41_error\" style=\"display:none;\" class=\"ninja-forms-field-error\">\n\t\t<\/div>\n\t\t\t\t\t\t\t<\/div>\n\t\t\t\t\t\t\t\t\t\t\t\t<div class=\"field-wrap text-wrap label-left devis-form-societe-1-wrap\"  id=\"ninja_forms_field_42_div_wrap\" data-visible=\"1\">\n\t\t\t\t\t\t\t<input type=\"hidden\" id=\"ninja_forms_field_42_type\" value=\"text\">\n\t\t<label for=\"ninja_forms_field_42\" id=\"ninja_forms_field_42_label\" class=\"\">Compagny: <span class='ninja-forms-req-symbol'><strong>*<\/strong><\/span>\t\t\t\t<\/label>\n\t\t\t<input id=\"ninja_forms_field_42\" data-mask=\"\" data-input-limit=\"\" data-input-limit-type=\"char\" data-input-limit-msg=\"\" name=\"ninja_forms_field_42\" type=\"text\" placeholder=\"\" class=\"ninja-forms-field  ninja-forms-req devis-form-societe-1 \" value=\"\" rel=\"42\"   \/>\n\t\t<div id=\"ninja_forms_field_42_error\" style=\"display:none;\" class=\"ninja-forms-field-error\">\n\t\t<\/div>\n\t\t\t\t\t\t\t<\/div>\n\t\t\t\t\t\t\t\t\t\t\t\t<div class=\"field-wrap list-radio-wrap label-left devis-form-statut-1-wrap\"  id=\"ninja_forms_field_43_div_wrap\" data-visible=\"1\">\n\t\t\t\t\t\t\t<input type=\"hidden\" id=\"ninja_forms_field_43_type\" value=\"list\">\n\t\t<input type=\"hidden\" id=\"ninja_forms_field_43_list_type\" value=\"radio\">\n\t\t\t\t<label for=\"ninja_forms_field_43\" id=\"ninja_forms_field_43_label\" class=\"\">You are a company of : <span class='ninja-forms-req-symbol'><strong>*<\/strong><\/span>\t\t\t\t<\/label>\n\t\t<input type=\"hidden\" name=\"ninja_forms_field_43\" value=\"\"><span id=\"ninja_forms_field_43_options_span\" class=\"\" rel=\"43\"><ul><li><label id=\"ninja_forms_field_43_0_label\" class=\"ninja-forms-field-43-options\" style=\"\" for=\"ninja_forms_field_43_0\"><input id=\"ninja_forms_field_43_0\" name=\"ninja_forms_field_43\" type=\"radio\" class=\"ninja-forms-field  ninja-forms-req devis-form-statut-1\" value=\"- than 20 people\"  rel=\"43\" \/>- than 20 people<\/label><\/li><li><label id=\"ninja_forms_field_43_1_label\" class=\"ninja-forms-field-43-options\" style=\"\" for=\"ninja_forms_field_43_1\"><input id=\"ninja_forms_field_43_1\" name=\"ninja_forms_field_43\" type=\"radio\" class=\"ninja-forms-field  ninja-forms-req devis-form-statut-1\" value=\"+ than 20 people\"  rel=\"43\" \/>+ than 20 people<\/label><\/li><li><label id=\"ninja_forms_field_43_2_label\" class=\"ninja-forms-field-43-options\" style=\"\" for=\"ninja_forms_field_43_2\"><input id=\"ninja_forms_field_43_2\" name=\"ninja_forms_field_43\" type=\"radio\" class=\"ninja-forms-field  ninja-forms-req devis-form-statut-1\" value=\"Another\"  rel=\"43\" \/>Another<\/label><\/li><\/ul><\/span><li style=\"display:none;\" id=\"ninja_forms_field_43_template\"><label><input id=\"ninja_forms_field_43_\" name=\"\" type=\"radio\" class=\"ninja-forms-field  ninja-forms-req devis-form-statut-1\" value=\"\" rel=\"43\" \/><\/label><\/li>\n\t\t\t\t<div id=\"ninja_forms_field_43_error\" style=\"display:none;\" class=\"ninja-forms-field-error\">\n\t\t<\/div>\n\t\t\t\t\t\t\t<\/div>\n\t\t\t\t\t\t\t\t\t\t\t\t<div class=\"field-wrap text-wrap label-left devis-form-adresse-1-wrap\"  id=\"ninja_forms_field_44_div_wrap\" data-visible=\"1\">\n\t\t\t\t\t\t\t<input type=\"hidden\" id=\"ninja_forms_field_44_type\" value=\"text\">\n\t\t<label for=\"ninja_forms_field_44\" id=\"ninja_forms_field_44_label\" class=\"\">Address: <span class='ninja-forms-req-symbol'><strong>*<\/strong><\/span>\t\t\t\t<\/label>\n\t\t\t<input id=\"ninja_forms_field_44\" data-mask=\"\" data-input-limit=\"\" data-input-limit-type=\"char\" data-input-limit-msg=\"\" name=\"ninja_forms_field_44\" type=\"text\" placeholder=\"\" class=\"ninja-forms-field  ninja-forms-req devis-form-adresse-1 address address1 \" value=\"\" rel=\"44\"   \/>\n\t\t<div id=\"ninja_forms_field_44_error\" style=\"display:none;\" class=\"ninja-forms-field-error\">\n\t\t<\/div>\n\t\t\t\t\t\t\t<\/div>\n\t\t\t\t\t\t\t\t\t\t\t\t<div class=\"field-wrap text-wrap label-left devis-form-zipcode-1-wrap\"  id=\"ninja_forms_field_45_div_wrap\" data-visible=\"1\">\n\t\t\t\t\t\t\t<input type=\"hidden\" id=\"ninja_forms_field_45_type\" value=\"text\">\n\t\t<label for=\"ninja_forms_field_45\" id=\"ninja_forms_field_45_label\" class=\"\">Zip Code: <span class='ninja-forms-req-symbol'><strong>*<\/strong><\/span>\t\t\t\t<\/label>\n\t\t\t<input id=\"ninja_forms_field_45\" data-mask=\"99999\" data-input-limit=\"\" data-input-limit-type=\"char\" data-input-limit-msg=\"\" name=\"ninja_forms_field_45\" type=\"text\" placeholder=\"\" class=\"ninja-forms-field  ninja-forms-req devis-form-zipcode-1 address zip ninja-forms-mask\" value=\"\" rel=\"45\"   \/>\n\t\t<div id=\"ninja_forms_field_45_error\" style=\"display:none;\" class=\"ninja-forms-field-error\">\n\t\t<\/div>\n\t\t\t\t\t\t\t<\/div>\n\t\t\t\t\t\t\t\t\t\t\t\t<div class=\"field-wrap text-wrap label-left devis-form-ville-1-wrap\"  id=\"ninja_forms_field_46_div_wrap\" data-visible=\"1\">\n\t\t\t\t\t\t\t<input type=\"hidden\" id=\"ninja_forms_field_46_type\" value=\"text\">\n\t\t<label for=\"ninja_forms_field_46\" id=\"ninja_forms_field_46_label\" class=\"\">City: <span class='ninja-forms-req-symbol'><strong>*<\/strong><\/span>\t\t\t\t<\/label>\n\t\t\t<input id=\"ninja_forms_field_46\" data-mask=\"\" data-input-limit=\"\" data-input-limit-type=\"char\" data-input-limit-msg=\"\" name=\"ninja_forms_field_46\" type=\"text\" placeholder=\"\" class=\"ninja-forms-field  ninja-forms-req devis-form-ville-1 address city \" value=\"\" rel=\"46\"   \/>\n\t\t<div id=\"ninja_forms_field_46_error\" style=\"display:none;\" class=\"ninja-forms-field-error\">\n\t\t<\/div>\n\t\t\t\t\t\t\t<\/div>\n\t\t\t\t\t\t\t\t\t\t\t\t<div class=\"field-wrap text-wrap label-left devis-form-phone-1-wrap\"  id=\"ninja_forms_field_47_div_wrap\" data-visible=\"1\">\n\t\t\t\t\t\t\t<input type=\"hidden\" id=\"ninja_forms_field_47_type\" value=\"text\">\n\t\t<label for=\"ninja_forms_field_47\" id=\"ninja_forms_field_47_label\" class=\"\">Phone : <span class='ninja-forms-req-symbol'><strong>*<\/strong><\/span>\t\t\t\t<\/label>\n\t\t\t<input id=\"ninja_forms_field_47\" data-mask=\"99 99 99 99 99\" data-input-limit=\"\" data-input-limit-type=\"char\" data-input-limit-msg=\"\" name=\"ninja_forms_field_47\" type=\"text\" placeholder=\"\" class=\"ninja-forms-field  ninja-forms-req devis-form-phone-1 ninja-forms-mask\" value=\"Fixe ou Portable\" rel=\"47\"   \/>\n\t\t<div id=\"ninja_forms_field_47_error\" style=\"display:none;\" class=\"ninja-forms-field-error\">\n\t\t<\/div>\n\t\t\t\t\t\t\t<\/div>\n\t\t\t\t\t\t\t\t\t\t\t\t<div class=\"field-wrap text-wrap label-left devis-form-mail-1-wrap\"  id=\"ninja_forms_field_48_div_wrap\" data-visible=\"1\">\n\t\t\t\t\t\t\t<input type=\"hidden\" id=\"ninja_forms_field_48_type\" value=\"text\">\n\t\t<label for=\"ninja_forms_field_48\" id=\"ninja_forms_field_48_label\" class=\"\">E-Mail : <span class='ninja-forms-req-symbol'><strong>*<\/strong><\/span>\t\t\t\t<\/label>\n\t\t\t<input id=\"ninja_forms_field_48\" data-mask=\"\" data-input-limit=\"\" data-input-limit-type=\"char\" data-input-limit-msg=\"\" name=\"ninja_forms_field_48\" type=\"text\" placeholder=\"\" class=\"ninja-forms-field  ninja-forms-req devis-form-mail-1 email \" value=\"\" rel=\"48\"   \/>\n\t\t<div id=\"ninja_forms_field_48_error\" style=\"display:none;\" class=\"ninja-forms-field-error\">\n\t\t<\/div>\n\t\t\t\t\t\t\t<\/div>\n\t\t\t\t\t\t\t\t\t\t\t\t<div class=\"field-wrap spam-wrap label-left devis-form-spam-1-wrap\"  id=\"ninja_forms_field_49_div_wrap\" data-visible=\"1\">\n\t\t\t\t\t\t\t<input type=\"hidden\" id=\"ninja_forms_field_49_type\" value=\"spam\">\n\t\t<label for=\"ninja_forms_field_49\" id=\"ninja_forms_field_49_label\" class=\"\">Anti-Spam security question: <span class='ninja-forms-req-symbol'><strong>*<\/strong><\/span>\t\t\t\t<\/label>\n\t\t<div class=\"ninja-forms-field-description\"><p><span style=\"color: #516806; font-weight: 600;\">What is 3 + 2?<\/span> The answer is \u00ab\u00a0<span style=\"color: #516806; font-weight: 600;\">5<\/span>\u00a0\u00bb<span style=\"color: #516806; font-weight: 100; font-size: 12px;\"> (Enter only the number 5)<\/span>.<\/p>\n<\/div>\t<input id=\"ninja_forms_field_49\" name=\"ninja_forms_field_49\" type=\"text\" class=\"ninja-forms-field  ninja-forms-req devis-form-spam-1\" value=\"\" rel=\"49\" \/>\n\t\t\t<img class='ninja-forms-help-text' src=\"https:\/\/captair-dimavent.fr\/wp-content\/plugins\/ninja-forms\/deprecated\/images\/question-ico.gif\" title=\"With over 200 Billion Spam sent per day, we have integrated the security question to prevent such attacks. Thank you for your understanding.\" alt=\"Texte d\u2019aide\">\n\t\t<div id=\"ninja_forms_field_49_error\" style=\"display:none;\" class=\"ninja-forms-field-error\">\n\t\t<\/div>\n\t\t\t\t\t\t\t<\/div>\n\t\t\t\t\t\t\t\t\t\t\t\t<div class=\"field-wrap submit-wrap label-above devis-form-submit-1-wrap\"  id=\"ninja_forms_field_50_div_wrap\" data-visible=\"1\">\n\t\t\t\t\t\t\t<input type=\"hidden\" id=\"ninja_forms_field_50_type\" value=\"submit\">\n\t<div id=\"nf_submit_10\">\n\t\t<input type=\"submit\" name=\"_ninja_forms_field_50\" class=\"ninja-forms-field  devis-form-submit-1\" id=\"ninja_forms_field_50\" value=\"Submit\u00a0\u00a0\u00a0\u00a0\u27a4\" rel=\"50\" >\n\t<\/div>\n\t<div id=\"nf_processing_10\" style=\"display:none;\">\n\t\t<input type=\"submit\" name=\"_ninja_forms_field_50\" class=\"ninja-forms-field  devis-form-submit-1\" id=\"ninja_forms_field_50\" value=\"Processing\" rel=\"50\" disabled>\n\t<\/div>\n\t\t<div id=\"ninja_forms_field_50_error\" style=\"display:none;\" class=\"ninja-forms-field-error\">\n\t\t<\/div>\n\t\t\t\t\t\t\t<\/div>\n\t\t\t\t\t\t\t<\/div>\n\t\t<\/form>\n\t\t<\/div>\n\t\t<\/div>\n\t<\/div>\n<\/p><\/div>\n<\/p><\/div>\n<\/div>\n","protected":false},"excerpt":{"rendered":"","protected":false},"author":1,"featured_media":0,"parent":0,"menu_order":0,"comment_status":"closed","ping_status":"closed","template":"dikka-page-builder.php","meta":{"footnotes":""},"yoast_head":"<!-- This site is optimized with the Yoast SEO plugin v18.9 - https:\/\/yoast.com\/wordpress\/plugins\/seo\/ -->\n<title>Quote_EN - D\u00e9poussi\u00e9rage industriel, Captair et Dimavent le sp\u00e9cialiste du d\u00e9poussi\u00e9rage<\/title>\n<meta name=\"robots\" content=\"index, follow, max-snippet:-1, max-image-preview:large, max-video-preview:-1\" \/>\n<link rel=\"canonical\" href=\"https:\/\/captair-dimavent.fr\/en\/quote_en\/\" \/>\n<meta property=\"og:locale\" content=\"en_US\" \/>\n<meta property=\"og:type\" content=\"article\" \/>\n<meta property=\"og:title\" content=\"Quote_EN - D\u00e9poussi\u00e9rage industriel, Captair et Dimavent le sp\u00e9cialiste du d\u00e9poussi\u00e9rage\" \/>\n<meta property=\"og:url\" content=\"https:\/\/captair-dimavent.fr\/en\/quote_en\/\" \/>\n<meta property=\"og:site_name\" content=\"D\u00e9poussi\u00e9rage industriel, Captair et Dimavent le sp\u00e9cialiste du d\u00e9poussi\u00e9rage\" \/>\n<meta property=\"article:modified_time\" content=\"2017-08-15T12:53:09+00:00\" \/>\n<meta name=\"twitter:card\" content=\"summary\" \/>\n<script type=\"application\/ld+json\" class=\"yoast-schema-graph\">{\"@context\":\"https:\/\/schema.org\",\"@graph\":[{\"@type\":\"WebSite\",\"@id\":\"https:\/\/captair-dimavent.fr\/#website\",\"url\":\"https:\/\/captair-dimavent.fr\/\",\"name\":\"D\u00e9poussi\u00e9rage industriel, Captair et Dimavent le sp\u00e9cialiste du d\u00e9poussi\u00e9rage\",\"description\":\"\",\"potentialAction\":[{\"@type\":\"SearchAction\",\"target\":{\"@type\":\"EntryPoint\",\"urlTemplate\":\"https:\/\/captair-dimavent.fr\/?s={search_term_string}\"},\"query-input\":\"required name=search_term_string\"}],\"inLanguage\":\"en-US\"},{\"@type\":\"WebPage\",\"@id\":\"https:\/\/captair-dimavent.fr\/en\/quote_en\/#webpage\",\"url\":\"https:\/\/captair-dimavent.fr\/en\/quote_en\/\",\"name\":\"Quote_EN - D\u00e9poussi\u00e9rage industriel, Captair et Dimavent le sp\u00e9cialiste du d\u00e9poussi\u00e9rage\",\"isPartOf\":{\"@id\":\"https:\/\/captair-dimavent.fr\/#website\"},\"datePublished\":\"2016-07-25T14:25:43+00:00\",\"dateModified\":\"2017-08-15T12:53:09+00:00\",\"breadcrumb\":{\"@id\":\"https:\/\/captair-dimavent.fr\/en\/quote_en\/#breadcrumb\"},\"inLanguage\":\"en-US\",\"potentialAction\":[{\"@type\":\"ReadAction\",\"target\":[\"https:\/\/captair-dimavent.fr\/en\/quote_en\/\"]}]},{\"@type\":\"BreadcrumbList\",\"@id\":\"https:\/\/captair-dimavent.fr\/en\/quote_en\/#breadcrumb\",\"itemListElement\":[{\"@type\":\"ListItem\",\"position\":1,\"name\":\"Accueil\",\"item\":\"https:\/\/captair-dimavent.fr\/en\/\"},{\"@type\":\"ListItem\",\"position\":2,\"name\":\"Quote_EN\"}]}]}<\/script>\n<!-- \/ Yoast SEO plugin. -->","yoast_head_json":{"title":"Quote_EN - D\u00e9poussi\u00e9rage industriel, Captair et Dimavent le sp\u00e9cialiste du d\u00e9poussi\u00e9rage","robots":{"index":"index","follow":"follow","max-snippet":"max-snippet:-1","max-image-preview":"max-image-preview:large","max-video-preview":"max-video-preview:-1"},"canonical":"https:\/\/captair-dimavent.fr\/en\/quote_en\/","og_locale":"en_US","og_type":"article","og_title":"Quote_EN - D\u00e9poussi\u00e9rage industriel, Captair et Dimavent le sp\u00e9cialiste du d\u00e9poussi\u00e9rage","og_url":"https:\/\/captair-dimavent.fr\/en\/quote_en\/","og_site_name":"D\u00e9poussi\u00e9rage industriel, Captair et Dimavent le sp\u00e9cialiste du d\u00e9poussi\u00e9rage","article_modified_time":"2017-08-15T12:53:09+00:00","twitter_card":"summary","schema":{"@context":"https:\/\/schema.org","@graph":[{"@type":"WebSite","@id":"https:\/\/captair-dimavent.fr\/#website","url":"https:\/\/captair-dimavent.fr\/","name":"D\u00e9poussi\u00e9rage industriel, Captair et Dimavent le sp\u00e9cialiste du d\u00e9poussi\u00e9rage","description":"","potentialAction":[{"@type":"SearchAction","target":{"@type":"EntryPoint","urlTemplate":"https:\/\/captair-dimavent.fr\/?s={search_term_string}"},"query-input":"required name=search_term_string"}],"inLanguage":"en-US"},{"@type":"WebPage","@id":"https:\/\/captair-dimavent.fr\/en\/quote_en\/#webpage","url":"https:\/\/captair-dimavent.fr\/en\/quote_en\/","name":"Quote_EN - D\u00e9poussi\u00e9rage industriel, Captair et Dimavent le sp\u00e9cialiste du d\u00e9poussi\u00e9rage","isPartOf":{"@id":"https:\/\/captair-dimavent.fr\/#website"},"datePublished":"2016-07-25T14:25:43+00:00","dateModified":"2017-08-15T12:53:09+00:00","breadcrumb":{"@id":"https:\/\/captair-dimavent.fr\/en\/quote_en\/#breadcrumb"},"inLanguage":"en-US","potentialAction":[{"@type":"ReadAction","target":["https:\/\/captair-dimavent.fr\/en\/quote_en\/"]}]},{"@type":"BreadcrumbList","@id":"https:\/\/captair-dimavent.fr\/en\/quote_en\/#breadcrumb","itemListElement":[{"@type":"ListItem","position":1,"name":"Accueil","item":"https:\/\/captair-dimavent.fr\/en\/"},{"@type":"ListItem","position":2,"name":"Quote_EN"}]}]}},"_links":{"self":[{"href":"https:\/\/captair-dimavent.fr\/en\/wp-json\/wp\/v2\/pages\/667\/"}],"collection":[{"href":"https:\/\/captair-dimavent.fr\/en\/wp-json\/wp\/v2\/pages\/"}],"about":[{"href":"https:\/\/captair-dimavent.fr\/en\/wp-json\/wp\/v2\/types\/page\/"}],"author":[{"embeddable":true,"href":"https:\/\/captair-dimavent.fr\/en\/wp-json\/wp\/v2\/users\/1\/"}],"replies":[{"embeddable":true,"href":"https:\/\/captair-dimavent.fr\/en\/wp-json\/wp\/v2\/comments\/?post=667"}],"version-history":[{"count":3,"href":"https:\/\/captair-dimavent.fr\/en\/wp-json\/wp\/v2\/pages\/667\/revisions\/"}],"predecessor-version":[{"id":680,"href":"https:\/\/captair-dimavent.fr\/en\/wp-json\/wp\/v2\/pages\/667\/revisions\/680\/"}],"wp:attachment":[{"href":"https:\/\/captair-dimavent.fr\/en\/wp-json\/wp\/v2\/media\/?parent=667"}],"curies":[{"name":"wp","href":"https:\/\/api.w.org\/{rel}","templated":true}]}}